{"id":56,"date":"2019-03-16T01:49:47","date_gmt":"2019-03-16T00:49:47","guid":{"rendered":"http:\/\/celebrityhouse.cz\/?page_id=56"},"modified":"2022-01-29T02:58:03","modified_gmt":"2022-01-29T01:58:03","slug":"medialni-skupina-hmg","status":"publish","type":"page","link":"https:\/\/celebrityhouse.cz\/index.php\/medialni-skupina-hmg\/","title":{"rendered":"Medi\u00e1ln\u00ed skupina HMG"},"content":{"rendered":"\n<div style=\"height:20px\" aria-hidden=\"true\" class=\"wp-block-spacer\"><\/div>\n\n\n\n<p><strong>HOUSE Media Group&nbsp;je seskupen\u00ed n\u011bkolika aktivn\u00edch firem v oblasti medi\u00ed, kter\u00e9 se ke konci roku 2018 spojily v jednu zna\u010dku\/firmu, pod kterou budou spole\u010dn\u011b vystupovat. Z\u00e1rove\u0148 v pr\u016fb\u011bhu roku 2021 do spole\u010dnosti vstoup\u00ed zahrani\u010dn\u00ed kapit\u00e1l, d\u00edky kter\u00e9mu se bude medi\u00e1ln\u00ed skupina HMG je\u0161t\u011b v\u00edce roz\u0161i\u0159ovat a zv\u011bt\u0161ovat, aby pos\u00edlila svoji pozici na \u010desk\u00e9m trhu.<\/strong><\/p>\n\n\n\n<div style=\"height:26px\" aria-hidden=\"true\" class=\"wp-block-spacer\"><\/div>\n\n\n\n<p><strong>HOUSE Media Group s.r.o.<\/strong><\/p>\n\n\n\n<p>Rybn\u00e1 716\/24, Praha 1 \u2013 Star\u00e9 M\u011bsto, 110 00<\/p>\n\n\n\n<p>I\u010c: 07647999<\/p>\n\n\n\n<p>Spole\u010dnost veden\u00e1 u M\u011bstsk\u00e9ho soudu v Praze, odd\u00edl C 304437<\/p>\n\n\n\n<p><a href=\"https:\/\/www.HMG.cz\" data-type=\"URL\" data-id=\"https:\/\/www.HMG.cz\"><strong>www.HMG.cz<\/strong><\/a><\/p>\n\n\n\n<div style=\"height:100px\" aria-hidden=\"true\" class=\"wp-block-spacer\"><\/div>\n","protected":false},"excerpt":{"rendered":"<p>HOUSE Media Group&nbsp;je seskupen\u00ed n\u011bkolika aktivn\u00edch firem v oblasti medi\u00ed, kter\u00e9 se ke konci roku 2018 spojily v jednu zna\u010dku\/firmu, pod kterou budou spole\u010dn\u011b vystupovat. Z\u00e1rove\u0148 v pr\u016fb\u011bhu roku 2021 do spole\u010dnosti vstoup\u00ed zahrani\u010dn\u00ed&#46;&#46;&#46;<\/p>\n","protected":false},"author":1,"featured_media":0,"parent":0,"menu_order":0,"comment_status":"closed","ping_status":"closed","template":"","meta":{"_monsterinsights_skip_tracking":false,"_monsterinsights_sitenote_active":false,"_monsterinsights_sitenote_note":"","_monsterinsights_sitenote_category":0,"footnotes":""},"yoast_head":"<!-- This site is optimized with the Yoast SEO plugin v21.5 - https:\/\/yoast.com\/wordpress\/plugins\/seo\/ -->\n<title>Medi\u00e1ln\u00ed skupina HMG - CELEBRITYHOUSE.cz<\/title>\n<meta name=\"robots\" content=\"index, follow, max-snippet:-1, max-image-preview:large, max-video-preview:-1\" \/>\n<link rel=\"canonical\" href=\"https:\/\/celebrityhouse.cz\/index.php\/medialni-skupina-hmg\/\" \/>\n<meta property=\"og:locale\" content=\"cs_CZ\" \/>\n<meta property=\"og:type\" content=\"article\" \/>\n<meta property=\"og:title\" content=\"Medi\u00e1ln\u00ed skupina HMG - CELEBRITYHOUSE.cz\" \/>\n<meta property=\"og:description\" content=\"HOUSE Media Group&nbsp;je seskupen\u00ed n\u011bkolika aktivn\u00edch firem v oblasti medi\u00ed, kter\u00e9 se ke konci roku 2018 spojily v jednu zna\u010dku\/firmu, pod kterou budou spole\u010dn\u011b vystupovat. Z\u00e1rove\u0148 v pr\u016fb\u011bhu roku 2021 do spole\u010dnosti vstoup\u00ed zahrani\u010dn\u00ed&#046;&#046;&#046;\" \/>\n<meta property=\"og:url\" content=\"https:\/\/celebrityhouse.cz\/index.php\/medialni-skupina-hmg\/\" \/>\n<meta property=\"og:site_name\" content=\"CELEBRITYHOUSE.cz\" \/>\n<meta property=\"article:modified_time\" content=\"2022-01-29T01:58:03+00:00\" \/>\n<meta name=\"twitter:card\" content=\"summary_large_image\" \/>\n<meta name=\"twitter:label1\" content=\"Odhadovan\u00e1 doba \u010dten\u00ed\" \/>\n\t<meta name=\"twitter:data1\" content=\"1 minuta\" \/>\n<script type=\"application\/ld+json\" class=\"yoast-schema-graph\">{\"@context\":\"https:\/\/schema.org\",\"@graph\":[{\"@type\":\"WebPage\",\"@id\":\"https:\/\/celebrityhouse.cz\/index.php\/medialni-skupina-hmg\/\",\"url\":\"https:\/\/celebrityhouse.cz\/index.php\/medialni-skupina-hmg\/\",\"name\":\"Medi\u00e1ln\u00ed skupina HMG - CELEBRITYHOUSE.cz\",\"isPartOf\":{\"@id\":\"https:\/\/celebrityhouse.cz\/#website\"},\"datePublished\":\"2019-03-16T00:49:47+00:00\",\"dateModified\":\"2022-01-29T01:58:03+00:00\",\"breadcrumb\":{\"@id\":\"https:\/\/celebrityhouse.cz\/index.php\/medialni-skupina-hmg\/#breadcrumb\"},\"inLanguage\":\"cs\",\"potentialAction\":[{\"@type\":\"ReadAction\",\"target\":[\"https:\/\/celebrityhouse.cz\/index.php\/medialni-skupina-hmg\/\"]}]},{\"@type\":\"BreadcrumbList\",\"@id\":\"https:\/\/celebrityhouse.cz\/index.php\/medialni-skupina-hmg\/#breadcrumb\",\"itemListElement\":[{\"@type\":\"ListItem\",\"position\":1,\"name\":\"Dom\u016f\",\"item\":\"https:\/\/celebrityhouse.cz\/\"},{\"@type\":\"ListItem\",\"position\":2,\"name\":\"Medi\u00e1ln\u00ed skupina HMG\"}]},{\"@type\":\"WebSite\",\"@id\":\"https:\/\/celebrityhouse.cz\/#website\",\"url\":\"https:\/\/celebrityhouse.cz\/\",\"name\":\"CELEBRITYHOUSE.cz\",\"description\":\"Port\u00e1l o showbyznysu...\",\"publisher\":{\"@id\":\"https:\/\/celebrityhouse.cz\/#organization\"},\"potentialAction\":[{\"@type\":\"SearchAction\",\"target\":{\"@type\":\"EntryPoint\",\"urlTemplate\":\"https:\/\/celebrityhouse.cz\/?s={search_term_string}\"},\"query-input\":\"required name=search_term_string\"}],\"inLanguage\":\"cs\"},{\"@type\":\"Organization\",\"@id\":\"https:\/\/celebrityhouse.cz\/#organization\",\"name\":\"CELEBRITYHOUSE.cz\",\"url\":\"https:\/\/celebrityhouse.cz\/\",\"logo\":{\"@type\":\"ImageObject\",\"inLanguage\":\"cs\",\"@id\":\"https:\/\/celebrityhouse.cz\/#\/schema\/logo\/image\/\",\"url\":\"https:\/\/celebrityhouse.cz\/wp-content\/uploads\/2024\/12\/cropped-Logo_CelebrityHouse_2.jpg\",\"contentUrl\":\"https:\/\/celebrityhouse.cz\/wp-content\/uploads\/2024\/12\/cropped-Logo_CelebrityHouse_2.jpg\",\"width\":937,\"height\":510,\"caption\":\"CELEBRITYHOUSE.cz\"},\"image\":{\"@id\":\"https:\/\/celebrityhouse.cz\/#\/schema\/logo\/image\/\"}}]}<\/script>\n<!-- \/ Yoast SEO plugin. -->","yoast_head_json":{"title":"Medi\u00e1ln\u00ed skupina HMG - CELEBRITYHOUSE.cz","robots":{"index":"index","follow":"follow","max-snippet":"max-snippet:-1","max-image-preview":"max-image-preview:large","max-video-preview":"max-video-preview:-1"},"canonical":"https:\/\/celebrityhouse.cz\/index.php\/medialni-skupina-hmg\/","og_locale":"cs_CZ","og_type":"article","og_title":"Medi\u00e1ln\u00ed skupina HMG - CELEBRITYHOUSE.cz","og_description":"HOUSE Media Group&nbsp;je seskupen\u00ed n\u011bkolika aktivn\u00edch firem v oblasti medi\u00ed, kter\u00e9 se ke konci roku 2018 spojily v jednu zna\u010dku\/firmu, pod kterou budou spole\u010dn\u011b vystupovat. Z\u00e1rove\u0148 v pr\u016fb\u011bhu roku 2021 do spole\u010dnosti vstoup\u00ed zahrani\u010dn\u00ed&#46;&#46;&#46;","og_url":"https:\/\/celebrityhouse.cz\/index.php\/medialni-skupina-hmg\/","og_site_name":"CELEBRITYHOUSE.cz","article_modified_time":"2022-01-29T01:58:03+00:00","twitter_card":"summary_large_image","twitter_misc":{"Odhadovan\u00e1 doba \u010dten\u00ed":"1 minuta"},"schema":{"@context":"https:\/\/schema.org","@graph":[{"@type":"WebPage","@id":"https:\/\/celebrityhouse.cz\/index.php\/medialni-skupina-hmg\/","url":"https:\/\/celebrityhouse.cz\/index.php\/medialni-skupina-hmg\/","name":"Medi\u00e1ln\u00ed skupina HMG - CELEBRITYHOUSE.cz","isPartOf":{"@id":"https:\/\/celebrityhouse.cz\/#website"},"datePublished":"2019-03-16T00:49:47+00:00","dateModified":"2022-01-29T01:58:03+00:00","breadcrumb":{"@id":"https:\/\/celebrityhouse.cz\/index.php\/medialni-skupina-hmg\/#breadcrumb"},"inLanguage":"cs","potentialAction":[{"@type":"ReadAction","target":["https:\/\/celebrityhouse.cz\/index.php\/medialni-skupina-hmg\/"]}]},{"@type":"BreadcrumbList","@id":"https:\/\/celebrityhouse.cz\/index.php\/medialni-skupina-hmg\/#breadcrumb","itemListElement":[{"@type":"ListItem","position":1,"name":"Dom\u016f","item":"https:\/\/celebrityhouse.cz\/"},{"@type":"ListItem","position":2,"name":"Medi\u00e1ln\u00ed skupina HMG"}]},{"@type":"WebSite","@id":"https:\/\/celebrityhouse.cz\/#website","url":"https:\/\/celebrityhouse.cz\/","name":"CELEBRITYHOUSE.cz","description":"Port\u00e1l o showbyznysu...","publisher":{"@id":"https:\/\/celebrityhouse.cz\/#organization"},"potentialAction":[{"@type":"SearchAction","target":{"@type":"EntryPoint","urlTemplate":"https:\/\/celebrityhouse.cz\/?s={search_term_string}"},"query-input":"required name=search_term_string"}],"inLanguage":"cs"},{"@type":"Organization","@id":"https:\/\/celebrityhouse.cz\/#organization","name":"CELEBRITYHOUSE.cz","url":"https:\/\/celebrityhouse.cz\/","logo":{"@type":"ImageObject","inLanguage":"cs","@id":"https:\/\/celebrityhouse.cz\/#\/schema\/logo\/image\/","url":"https:\/\/celebrityhouse.cz\/wp-content\/uploads\/2024\/12\/cropped-Logo_CelebrityHouse_2.jpg","contentUrl":"https:\/\/celebrityhouse.cz\/wp-content\/uploads\/2024\/12\/cropped-Logo_CelebrityHouse_2.jpg","width":937,"height":510,"caption":"CELEBRITYHOUSE.cz"},"image":{"@id":"https:\/\/celebrityhouse.cz\/#\/schema\/logo\/image\/"}}]}},"_links":{"self":[{"href":"https:\/\/celebrityhouse.cz\/index.php\/wp-json\/wp\/v2\/pages\/56"}],"collection":[{"href":"https:\/\/celebrityhouse.cz\/index.php\/wp-json\/wp\/v2\/pages"}],"about":[{"href":"https:\/\/celebrityhouse.cz\/index.php\/wp-json\/wp\/v2\/types\/page"}],"author":[{"embeddable":true,"href":"https:\/\/celebrityhouse.cz\/index.php\/wp-json\/wp\/v2\/users\/1"}],"replies":[{"embeddable":true,"href":"https:\/\/celebrityhouse.cz\/index.php\/wp-json\/wp\/v2\/comments?post=56"}],"version-history":[{"count":3,"href":"https:\/\/celebrityhouse.cz\/index.php\/wp-json\/wp\/v2\/pages\/56\/revisions"}],"predecessor-version":[{"id":4941,"href":"https:\/\/celebrityhouse.cz\/index.php\/wp-json\/wp\/v2\/pages\/56\/revisions\/4941"}],"wp:attachment":[{"href":"https:\/\/celebrityhouse.cz\/index.php\/wp-json\/wp\/v2\/media?parent=56"}],"curies":[{"name":"wp","href":"https:\/\/api.w.org\/{rel}","templated":true}]}}