{"id":57,"date":"2019-03-16T01:49:55","date_gmt":"2019-03-16T00:49:55","guid":{"rendered":"http:\/\/celebrityhouse.cz\/?page_id=57"},"modified":"2022-01-29T02:58:53","modified_gmt":"2022-01-29T01:58:53","slug":"kontakt","status":"publish","type":"page","link":"https:\/\/celebrityhouse.cz\/index.php\/kontakt\/","title":{"rendered":"KONTAKT"},"content":{"rendered":"\n<div style=\"height:20px\" aria-hidden=\"true\" class=\"wp-block-spacer\"><\/div>\n\n\n\n<p><strong>HOUSE Media Group s.r.o. (HMG)<\/strong><\/p>\n\n\n\n<p>Rybn\u00e1 716\/24<\/p>\n\n\n\n<p>Praha 1 \u2013 Star\u00e9 M\u011bsto, 110 00<\/p>\n\n\n\n<p>Doru\u010dovac\u00ed adresa na redakci v odkazu<strong>&nbsp;ZDE<\/strong>.<\/p>\n\n\n\n<div style=\"height:32px\" aria-hidden=\"true\" class=\"wp-block-spacer\"><\/div>\n\n\n\n<p><strong>Obchodn\u00ed a marketingov\u00e9 odd\u011blen\u00ed<\/strong><\/p>\n\n\n\n<p><strong>Tel.:<\/strong>&nbsp;+420&nbsp;<strong>608 225 180<\/strong><\/p>\n\n\n\n<p><strong>E-mail:<\/strong>&nbsp;obchod @ hmg.cz<\/p>\n\n\n\n<div style=\"height:41px\" aria-hidden=\"true\" class=\"wp-block-spacer\"><\/div>\n\n\n\n<p><strong>Redakce a veden\u00ed<\/strong><\/p>\n\n\n\n<p><strong>Tel.:<\/strong>&nbsp;+420<strong>&nbsp;774 827 590<\/strong><\/p>\n\n\n\n<p><strong>E-mail:<\/strong>&nbsp;sefredaktor @ hmg.cz<\/p>\n\n\n\n<div style=\"height:36px\" aria-hidden=\"true\" class=\"wp-block-spacer\"><\/div>\n\n\n\n<p><strong>V\u00edce informac\u00ed na <a href=\"https:\/\/www.HMG.cz\" data-type=\"URL\" data-id=\"https:\/\/www.HMG.cz\">www.HMG.cz<\/a><\/strong><\/p>\n\n\n\n<div style=\"height:100px\" aria-hidden=\"true\" class=\"wp-block-spacer\"><\/div>\n","protected":false},"excerpt":{"rendered":"<p>HOUSE Media Group s.r.o. (HMG) Rybn\u00e1 716\/24 Praha 1 \u2013 Star\u00e9 M\u011bsto, 110 00 Doru\u010dovac\u00ed adresa na redakci v odkazu&nbsp;ZDE. Obchodn\u00ed a marketingov\u00e9 odd\u011blen\u00ed Tel.:&nbsp;+420&nbsp;608 225 180 E-mail:&nbsp;obchod @ hmg.cz Redakce a veden\u00ed Tel.:&nbsp;+420&nbsp;774&#46;&#46;&#46;<\/p>\n","protected":false},"author":1,"featured_media":0,"parent":0,"menu_order":0,"comment_status":"closed","ping_status":"closed","template":"","meta":{"_monsterinsights_skip_tracking":false,"_monsterinsights_sitenote_active":false,"_monsterinsights_sitenote_note":"","_monsterinsights_sitenote_category":0,"footnotes":""},"yoast_head":"<!-- This site is optimized with the Yoast SEO plugin v21.5 - https:\/\/yoast.com\/wordpress\/plugins\/seo\/ -->\n<title>KONTAKT - CELEBRITYHOUSE.cz<\/title>\n<meta name=\"robots\" content=\"index, follow, max-snippet:-1, max-image-preview:large, max-video-preview:-1\" \/>\n<link rel=\"canonical\" href=\"https:\/\/celebrityhouse.cz\/index.php\/kontakt\/\" \/>\n<meta property=\"og:locale\" content=\"cs_CZ\" \/>\n<meta property=\"og:type\" content=\"article\" \/>\n<meta property=\"og:title\" content=\"KONTAKT - CELEBRITYHOUSE.cz\" \/>\n<meta property=\"og:description\" content=\"HOUSE Media Group s.r.o. (HMG) Rybn\u00e1 716\/24 Praha 1 \u2013 Star\u00e9 M\u011bsto, 110 00 Doru\u010dovac\u00ed adresa na redakci v odkazu&nbsp;ZDE. Obchodn\u00ed a marketingov\u00e9 odd\u011blen\u00ed Tel.:&nbsp;+420&nbsp;608 225 180 E-mail:&nbsp;obchod @ hmg.cz Redakce a veden\u00ed Tel.:&nbsp;+420&nbsp;774&#046;&#046;&#046;\" \/>\n<meta property=\"og:url\" content=\"https:\/\/celebrityhouse.cz\/index.php\/kontakt\/\" \/>\n<meta property=\"og:site_name\" content=\"CELEBRITYHOUSE.cz\" \/>\n<meta property=\"article:modified_time\" content=\"2022-01-29T01:58:53+00:00\" \/>\n<meta name=\"twitter:card\" content=\"summary_large_image\" \/>\n<script type=\"application\/ld+json\" class=\"yoast-schema-graph\">{\"@context\":\"https:\/\/schema.org\",\"@graph\":[{\"@type\":\"WebPage\",\"@id\":\"https:\/\/celebrityhouse.cz\/index.php\/kontakt\/\",\"url\":\"https:\/\/celebrityhouse.cz\/index.php\/kontakt\/\",\"name\":\"KONTAKT - CELEBRITYHOUSE.cz\",\"isPartOf\":{\"@id\":\"https:\/\/celebrityhouse.cz\/#website\"},\"datePublished\":\"2019-03-16T00:49:55+00:00\",\"dateModified\":\"2022-01-29T01:58:53+00:00\",\"breadcrumb\":{\"@id\":\"https:\/\/celebrityhouse.cz\/index.php\/kontakt\/#breadcrumb\"},\"inLanguage\":\"cs\",\"potentialAction\":[{\"@type\":\"ReadAction\",\"target\":[\"https:\/\/celebrityhouse.cz\/index.php\/kontakt\/\"]}]},{\"@type\":\"BreadcrumbList\",\"@id\":\"https:\/\/celebrityhouse.cz\/index.php\/kontakt\/#breadcrumb\",\"itemListElement\":[{\"@type\":\"ListItem\",\"position\":1,\"name\":\"Dom\u016f\",\"item\":\"https:\/\/celebrityhouse.cz\/\"},{\"@type\":\"ListItem\",\"position\":2,\"name\":\"KONTAKT\"}]},{\"@type\":\"WebSite\",\"@id\":\"https:\/\/celebrityhouse.cz\/#website\",\"url\":\"https:\/\/celebrityhouse.cz\/\",\"name\":\"CELEBRITYHOUSE.cz\",\"description\":\"Port\u00e1l o showbyznysu...\",\"publisher\":{\"@id\":\"https:\/\/celebrityhouse.cz\/#organization\"},\"potentialAction\":[{\"@type\":\"SearchAction\",\"target\":{\"@type\":\"EntryPoint\",\"urlTemplate\":\"https:\/\/celebrityhouse.cz\/?s={search_term_string}\"},\"query-input\":\"required name=search_term_string\"}],\"inLanguage\":\"cs\"},{\"@type\":\"Organization\",\"@id\":\"https:\/\/celebrityhouse.cz\/#organization\",\"name\":\"CELEBRITYHOUSE.cz\",\"url\":\"https:\/\/celebrityhouse.cz\/\",\"logo\":{\"@type\":\"ImageObject\",\"inLanguage\":\"cs\",\"@id\":\"https:\/\/celebrityhouse.cz\/#\/schema\/logo\/image\/\",\"url\":\"https:\/\/celebrityhouse.cz\/wp-content\/uploads\/2024\/12\/cropped-Logo_CelebrityHouse_2.jpg\",\"contentUrl\":\"https:\/\/celebrityhouse.cz\/wp-content\/uploads\/2024\/12\/cropped-Logo_CelebrityHouse_2.jpg\",\"width\":937,\"height\":510,\"caption\":\"CELEBRITYHOUSE.cz\"},\"image\":{\"@id\":\"https:\/\/celebrityhouse.cz\/#\/schema\/logo\/image\/\"}}]}<\/script>\n<!-- \/ Yoast SEO plugin. -->","yoast_head_json":{"title":"KONTAKT - CELEBRITYHOUSE.cz","robots":{"index":"index","follow":"follow","max-snippet":"max-snippet:-1","max-image-preview":"max-image-preview:large","max-video-preview":"max-video-preview:-1"},"canonical":"https:\/\/celebrityhouse.cz\/index.php\/kontakt\/","og_locale":"cs_CZ","og_type":"article","og_title":"KONTAKT - CELEBRITYHOUSE.cz","og_description":"HOUSE Media Group s.r.o. (HMG) Rybn\u00e1 716\/24 Praha 1 \u2013 Star\u00e9 M\u011bsto, 110 00 Doru\u010dovac\u00ed adresa na redakci v odkazu&nbsp;ZDE. Obchodn\u00ed a marketingov\u00e9 odd\u011blen\u00ed Tel.:&nbsp;+420&nbsp;608 225 180 E-mail:&nbsp;obchod @ hmg.cz Redakce a veden\u00ed Tel.:&nbsp;+420&nbsp;774&#46;&#46;&#46;","og_url":"https:\/\/celebrityhouse.cz\/index.php\/kontakt\/","og_site_name":"CELEBRITYHOUSE.cz","article_modified_time":"2022-01-29T01:58:53+00:00","twitter_card":"summary_large_image","schema":{"@context":"https:\/\/schema.org","@graph":[{"@type":"WebPage","@id":"https:\/\/celebrityhouse.cz\/index.php\/kontakt\/","url":"https:\/\/celebrityhouse.cz\/index.php\/kontakt\/","name":"KONTAKT - CELEBRITYHOUSE.cz","isPartOf":{"@id":"https:\/\/celebrityhouse.cz\/#website"},"datePublished":"2019-03-16T00:49:55+00:00","dateModified":"2022-01-29T01:58:53+00:00","breadcrumb":{"@id":"https:\/\/celebrityhouse.cz\/index.php\/kontakt\/#breadcrumb"},"inLanguage":"cs","potentialAction":[{"@type":"ReadAction","target":["https:\/\/celebrityhouse.cz\/index.php\/kontakt\/"]}]},{"@type":"BreadcrumbList","@id":"https:\/\/celebrityhouse.cz\/index.php\/kontakt\/#breadcrumb","itemListElement":[{"@type":"ListItem","position":1,"name":"Dom\u016f","item":"https:\/\/celebrityhouse.cz\/"},{"@type":"ListItem","position":2,"name":"KONTAKT"}]},{"@type":"WebSite","@id":"https:\/\/celebrityhouse.cz\/#website","url":"https:\/\/celebrityhouse.cz\/","name":"CELEBRITYHOUSE.cz","description":"Port\u00e1l o showbyznysu...","publisher":{"@id":"https:\/\/celebrityhouse.cz\/#organization"},"potentialAction":[{"@type":"SearchAction","target":{"@type":"EntryPoint","urlTemplate":"https:\/\/celebrityhouse.cz\/?s={search_term_string}"},"query-input":"required name=search_term_string"}],"inLanguage":"cs"},{"@type":"Organization","@id":"https:\/\/celebrityhouse.cz\/#organization","name":"CELEBRITYHOUSE.cz","url":"https:\/\/celebrityhouse.cz\/","logo":{"@type":"ImageObject","inLanguage":"cs","@id":"https:\/\/celebrityhouse.cz\/#\/schema\/logo\/image\/","url":"https:\/\/celebrityhouse.cz\/wp-content\/uploads\/2024\/12\/cropped-Logo_CelebrityHouse_2.jpg","contentUrl":"https:\/\/celebrityhouse.cz\/wp-content\/uploads\/2024\/12\/cropped-Logo_CelebrityHouse_2.jpg","width":937,"height":510,"caption":"CELEBRITYHOUSE.cz"},"image":{"@id":"https:\/\/celebrityhouse.cz\/#\/schema\/logo\/image\/"}}]}},"_links":{"self":[{"href":"https:\/\/celebrityhouse.cz\/index.php\/wp-json\/wp\/v2\/pages\/57"}],"collection":[{"href":"https:\/\/celebrityhouse.cz\/index.php\/wp-json\/wp\/v2\/pages"}],"about":[{"href":"https:\/\/celebrityhouse.cz\/index.php\/wp-json\/wp\/v2\/types\/page"}],"author":[{"embeddable":true,"href":"https:\/\/celebrityhouse.cz\/index.php\/wp-json\/wp\/v2\/users\/1"}],"replies":[{"embeddable":true,"href":"https:\/\/celebrityhouse.cz\/index.php\/wp-json\/wp\/v2\/comments?post=57"}],"version-history":[{"count":3,"href":"https:\/\/celebrityhouse.cz\/index.php\/wp-json\/wp\/v2\/pages\/57\/revisions"}],"predecessor-version":[{"id":4942,"href":"https:\/\/celebrityhouse.cz\/index.php\/wp-json\/wp\/v2\/pages\/57\/revisions\/4942"}],"wp:attachment":[{"href":"https:\/\/celebrityhouse.cz\/index.php\/wp-json\/wp\/v2\/media?parent=57"}],"curies":[{"name":"wp","href":"https:\/\/api.w.org\/{rel}","templated":true}]}}